{"id":758,"date":"2018-08-31T15:14:36","date_gmt":"2018-08-31T18:14:36","guid":{"rendered":"https:\/\/ies6001-sal.infd.edu.ar\/sitio\/tecnicatura-en-soporte-y-mantenimiento-informatico\/"},"modified":"2024-11-12T19:25:53","modified_gmt":"2024-11-12T22:25:53","slug":"tecnicatura-en-soporte-y-mantenimiento-informatico","status":"publish","type":"page","link":"https:\/\/ies6001-sal.infd.edu.ar\/sitio\/tecnicatura-en-soporte-y-mantenimiento-informatico\/","title":{"rendered":"T\u00e9cnico Sup. An\u00e1lisis de Sistemas y Desarrollo de Software"},"content":{"rendered":"<p><strong>Contacto Prof. Yapur Juan Carlos. Cont\u00e1ctanos <\/strong><a href=\"mailto:ingresantes6001tssmi@gmail.com\">ingresantes6001tssmi@gmail.com<\/a><\/p>\n<p><strong>Ubicaci\u00f3n<\/strong>, <span class=\"selectable-text copyable-text\">Veteranos de Malvinas y Ampascachi. Barrio Jes\u00fas Mar\u00eda. <\/span><a href=\"https:\/\/maps.app.goo.gl\/bf6qBLeap4VXkSL16\">ver Google Maps<\/a><\/p>\n<p style=\"text-align: justify;\"><strong><span style=\"color: #ffcc99; font-size: large;\"><span style=\"font-family: tahoma,arial,helvetica,sans-serif;\"><span style=\"font-size: 10pt;\"><span style=\"color: #333333;\"><span style=\"font-size: 12pt;\"><span style=\"color: #993300;\"><strong>Una carrera para el futuro en la extensi<span style=\"font-size: large; color: #cc6600; font-family: Arial;\"><strong><span style=\"font-family: tahoma,arial,helvetica,sans-serif;\"><span style=\"font-size: 10pt;\"><span style=\"color: #333333;\"><span style=\"font-size: 12pt;\"><span style=\"color: #993300;\"><span style=\"font-size: large; color: #cc6600; font-family: Arial;\"><strong><span style=\"font-family: tahoma,arial,helvetica,sans-serif;\"><span style=\"font-size: 10pt;\"><span style=\"color: #333333;\"><span style=\"font-size: 12pt;\"><span style=\"color: #993300;\">\u00f3<\/span><\/span><\/span><\/span><\/span><\/strong><\/span><\/span><\/span><\/span><\/span><\/span><\/strong><\/span>n<\/strong><\/span><\/span><\/span><\/span><\/span><\/span><\/strong><\/p>\n<p style=\"text-align: justify;\">La programaci\u00f3n es una disciplina clave porque\u00a0<b>potencia la innovaci\u00f3n, la eficiencia, el desarrollo personal y el progreso tecnol\u00f3gico en la sociedad actual<\/b>. Adem\u00e1s, brinda oportunidades profesionales y habilidades valiosas que pueden aplicarse en diversos campos y mejorar la calidad de vida de las personas.<\/p>\n<p><strong>Con tu formaci\u00f3n podr\u00e1s:<\/strong><\/p>\n<ul>\n<li><span id=\"hs_cos_wrapper_\" class=\"hs_cos_wrapper hs_cos_wrapper_widget hs_cos_wrapper_type_icon\" data-hs-cos-general-type=\"widget\" data-hs-cos-type=\"icon\"><\/span>Asumir tareas de relevamiento y an\u00e1lisis de las estructuras y proceso organizacionales con la finalidad de dise\u00f1ar sistemas de informaci\u00f3n administrativa.<\/li>\n<li>Planificar, dirigir y\/o controlar el dise\u00f1o y la implementaci\u00f3n de sistemas de informaci\u00f3n.<\/li>\n<li>Supervisar la implantaci\u00f3n de los sistemas de procesamiento de datos y organizar y capacitar al personal afectado por estos sistemas.<\/li>\n<li>Desarrollar y aplicar t\u00e9cnicas de seguridad en lo referente al acceso y disponibilidad de la informaci\u00f3n, como as\u00ed tambi\u00e9n, los respaldos de seguridad de todos los recursos inform\u00e1ticos.<\/li>\n<li>Dise\u00f1ar y confeccionar los manuales de procedimientos y los formularios requeridos para el procesamiento de informaci\u00f3n.<\/li>\n<li>Hacerse cargo de la creaci\u00f3n, implantaci\u00f3n, revisi\u00f3n y actualizaci\u00f3n de las normas de control que hacen al funcionamiento de los centros de procesamiento de informaci\u00f3n.<\/li>\n<li>Asumir tareas de auditor\u00eda interna o externa de los sistemas de informaci\u00f3n y de los centros de procesamiento.<\/li>\n<li>Dictaminar e informar a las administraciones e intervenciones judiciales como perito en su materia, en todos los fueros.<\/li>\n<\/ul>\n","protected":false},"excerpt":{"rendered":"<p>Contacto Prof. Yapur Juan Carlos. Cont\u00e1ctanos ingresantes6001tssmi@gmail.com Ubicaci\u00f3n, Veteranos de Malvinas y Ampascachi. Barrio Jes\u00fas Mar\u00eda. ver Google Maps Una carrera para el futuro en la extensi\u00f3n La programaci\u00f3n es una disciplina clave porque\u00a0potencia la innovaci\u00f3n, la eficiencia, el desarrollo personal y el progreso tecnol\u00f3gico en la sociedad actual. Adem\u00e1s, brinda oportunidades profesionales y habilidades &#8230; <a title=\"T\u00e9cnico Sup. An\u00e1lisis de Sistemas y Desarrollo de Software\" class=\"read-more\" href=\"https:\/\/ies6001-sal.infd.edu.ar\/sitio\/tecnicatura-en-soporte-y-mantenimiento-informatico\/\" aria-label=\"More on T\u00e9cnico Sup. An\u00e1lisis de Sistemas y Desarrollo de Software\">[+]<\/a><\/p>\n","protected":false},"author":671,"featured_media":986,"parent":0,"menu_order":0,"comment_status":"closed","ping_status":"closed","template":"","meta":[],"acf":[],"_links":{"self":[{"href":"https:\/\/ies6001-sal.infd.edu.ar\/sitio\/wp-json\/wp\/v2\/pages\/758"}],"collection":[{"href":"https:\/\/ies6001-sal.infd.edu.ar\/sitio\/wp-json\/wp\/v2\/pages"}],"about":[{"href":"https:\/\/ies6001-sal.infd.edu.ar\/sitio\/wp-json\/wp\/v2\/types\/page"}],"author":[{"embeddable":true,"href":"https:\/\/ies6001-sal.infd.edu.ar\/sitio\/wp-json\/wp\/v2\/users\/671"}],"replies":[{"embeddable":true,"href":"https:\/\/ies6001-sal.infd.edu.ar\/sitio\/wp-json\/wp\/v2\/comments?post=758"}],"version-history":[{"count":7,"href":"https:\/\/ies6001-sal.infd.edu.ar\/sitio\/wp-json\/wp\/v2\/pages\/758\/revisions"}],"predecessor-version":[{"id":989,"href":"https:\/\/ies6001-sal.infd.edu.ar\/sitio\/wp-json\/wp\/v2\/pages\/758\/revisions\/989"}],"wp:featuredmedia":[{"embeddable":true,"href":"https:\/\/ies6001-sal.infd.edu.ar\/sitio\/wp-json\/wp\/v2\/media\/986"}],"wp:attachment":[{"href":"https:\/\/ies6001-sal.infd.edu.ar\/sitio\/wp-json\/wp\/v2\/media?parent=758"}],"curies":[{"name":"wp","href":"https:\/\/api.w.org\/{rel}","templated":true}]}}