{"id":286,"date":"2016-10-31T13:17:59","date_gmt":"2016-10-31T16:17:59","guid":{"rendered":"https:\/\/ies6001-sal.infd.edu.ar\/sitio\/?page_id=286"},"modified":"2024-11-12T19:25:22","modified_gmt":"2024-11-12T22:25:22","slug":"inicio","status":"publish","type":"page","link":"https:\/\/ies6001-sal.infd.edu.ar\/sitio\/","title":{"rendered":"Inicio"},"content":{"rendered":"<p style=\"text-align: center;\">El Instituto Formaci\u00f3n Docente N\u00b0 6001 Gral. Manuel Belgrano forma parte del sistema de educaci\u00f3n p\u00fablica de gesti\u00f3n estatal.<\/p>\n<p style=\"text-align: center;\">A trav\u00e9s de este sitio en Internet, nuestro Instituto podr\u00e1 comunicar novedades, acercar informaci\u00f3n, compartir experiencias y brindar<br \/>\napoyo y asesoramiento a alumnos, docentes e interesados en formar parte de esta comunidad educativa.<\/p>\n<p style=\"text-align: center;\">Junto con varios cientos de Institutos, integramos la Red Virtual de Institutos Superiores de Formaci\u00f3n Docente&nbsp;coordinada por el INFD<br \/>\n(Instituto Nacional de Formaci\u00f3n Docente) dependiente del Ministerio de Educaci\u00f3n de la Naci\u00f3n Argentina.<\/p>\n<p style=\"text-align: center;\">Esperamos que realmente estos espacios virtuales nos acerquen a fin de poder interactuar a pesar de las barreras geogr\u00e1ficas que nos distancian f\u00edsicamente.<\/p>\n","protected":false},"excerpt":{"rendered":"<p>El Instituto Formaci\u00f3n Docente N\u00b0 6001 Gral. Manuel Belgrano forma parte del sistema de educaci\u00f3n p\u00fablica de gesti\u00f3n estatal. A trav\u00e9s de este sitio en Internet, nuestro Instituto podr\u00e1 comunicar novedades, acercar informaci\u00f3n, compartir experiencias y brindar apoyo y asesoramiento a alumnos, docentes e interesados en formar parte de esta comunidad educativa. Junto con varios &#8230; <a title=\"Inicio\" class=\"read-more\" href=\"https:\/\/ies6001-sal.infd.edu.ar\/sitio\/\" aria-label=\"More on Inicio\">[+]<\/a><\/p>\n","protected":false},"author":1,"featured_media":0,"parent":0,"menu_order":0,"comment_status":"closed","ping_status":"closed","template":"","meta":[],"acf":[],"_links":{"self":[{"href":"https:\/\/ies6001-sal.infd.edu.ar\/sitio\/wp-json\/wp\/v2\/pages\/286"}],"collection":[{"href":"https:\/\/ies6001-sal.infd.edu.ar\/sitio\/wp-json\/wp\/v2\/pages"}],"about":[{"href":"https:\/\/ies6001-sal.infd.edu.ar\/sitio\/wp-json\/wp\/v2\/types\/page"}],"author":[{"embeddable":true,"href":"https:\/\/ies6001-sal.infd.edu.ar\/sitio\/wp-json\/wp\/v2\/users\/1"}],"replies":[{"embeddable":true,"href":"https:\/\/ies6001-sal.infd.edu.ar\/sitio\/wp-json\/wp\/v2\/comments?post=286"}],"version-history":[{"count":93,"href":"https:\/\/ies6001-sal.infd.edu.ar\/sitio\/wp-json\/wp\/v2\/pages\/286\/revisions"}],"predecessor-version":[{"id":985,"href":"https:\/\/ies6001-sal.infd.edu.ar\/sitio\/wp-json\/wp\/v2\/pages\/286\/revisions\/985"}],"wp:attachment":[{"href":"https:\/\/ies6001-sal.infd.edu.ar\/sitio\/wp-json\/wp\/v2\/media?parent=286"}],"curies":[{"name":"wp","href":"https:\/\/api.w.org\/{rel}","templated":true}]}}